{"id":5989,"date":"2025-10-30T14:24:18","date_gmt":"2025-10-30T12:24:18","guid":{"rendered":"https:\/\/vostables.be\/homepage-archiv-vor-premium\/"},"modified":"2025-12-11T16:53:50","modified_gmt":"2025-12-11T14:53:50","slug":"homepage-archiv-vor-premium","status":"publish","type":"page","link":"https:\/\/vostables.com\/de\/homepage-archiv-vor-premium\/","title":{"rendered":"Homepage-Archiv vor Premium"},"content":{"rendered":"<div class=\"wpb-content-wrapper\"><p>[vc_row row_height_percent=&#8220;70&#8243; override_padding=&#8220;yes&#8220; h_padding=&#8220;2&#8243; top_padding=&#8220;0&#8243; bottom_padding=&#8220;0&#8243; back_color=&#8220;color-176929&#8243; back_image=&#8220;662&#8243; parallax=&#8220;yes&#8220; overlay_alpha=&#8220;50&#8243; gutter_size=&#8220;3&#8243; column_width_percent=&#8220;100&#8243; shift_y=&#8220;0&#8243; z_index=&#8220;0&#8243; content_parallax=&#8220;0&#8243; uncode_shortcode_id=&#8220;199079&#8243; el_class=&#8220;foldhome&#8220; back_color_type=&#8220;uncode-palette&#8220; row_height_pixel=&#8220;350&#8243;][vc_column column_width_percent=&#8220;100&#8243; position_vertical=&#8220;middle&#8220; gutter_size=&#8220;0&#8243; overlay_alpha=&#8220;50&#8243; shift_x=&#8220;0&#8243; shift_y=&#8220;0&#8243; shift_y_down=&#8220;0&#8243; z_index=&#8220;0&#8243; medium_width=&#8220;0&#8243; mobile_width=&#8220;0&#8243; width=&#8220;1\/1&#8243; uncode_shortcode_id=&#8220;765921&#8243;][vc_row_inner row_inner_height_percent=&#8220;0&#8243; overlay_alpha=&#8220;50&#8243; gutter_size=&#8220;3&#8243; shift_y=&#8220;0&#8243; z_index=&#8220;0&#8243; inverted_device_order=&#8220;yes&#8220; uncode_shortcode_id=&#8220;196290&#8243; el_class=&#8220;ctafoldhome&#8220;][vc_column_inner column_width_percent=&#8220;100&#8243; position_vertical=&#8220;middle&#8220; gutter_size=&#8220;2&#8243; back_color=&#8220;color-xsdn&#8220; overlay_alpha=&#8220;50&#8243; shadow=&#8220;std&#8220; shift_x=&#8220;0&#8243; shift_y=&#8220;0&#8243; shift_y_down=&#8220;0&#8243; z_index=&#8220;0&#8243; medium_width=&#8220;4&#8243; mobile_width=&#8220;0&#8243; css_animation=&#8220;left-t-right&#8220; parallax_intensity=&#8220;4&#8243; width=&#8220;4\/12&#8243; uncode_shortcode_id=&#8220;170861&#8243; back_color_type=&#8220;uncode-palette&#8220;][vc_custom_heading text_color=&#8220;color-269362&#8243; heading_semantic=&#8220;h1&#8243; text_size=&#8220;h1&#8243; uncode_shortcode_id=&#8220;124726&#8243; text_color_type=&#8220;uncode-palette&#8220;]Der Schwei\u00dftisch, der zu Ihnen passt[\/vc_custom_heading][vc_column_text uncode_shortcode_id=&#8220;101199&#8243;]<\/p>\n<h4>Stellen Sie selbst den Schwei\u00dftisch zusammen, der zu Ihnen passt. Dar\u00fcber hinaus bieten wir auch alle Zubeh\u00f6rteile an, die Sie ben\u00f6tigen.<\/h4>\n<p>[\/vc_column_text][vc_empty_space empty_h=&#8220;1&#8243;][vc_button button_color=&#8220;accent&#8220; hover_fx=&#8220;full-colored&#8220; custom_typo=&#8220;yes&#8220; font_family=&#8220;font-107488&#8243; font_weight=&#8220;700&#8243; text_transform=&#8220;uppercase&#8220; border_width=&#8220;0&#8243; display=&#8220;inline&#8220; link=&#8220;url:https%3A%2F%2Fvostables.be%2Fshop%2F|title:Shop|&#8220; uncode_shortcode_id=&#8220;801983&#8243; button_color_type=&#8220;uncode-palette&#8220;]Webshop[\/vc_button][vc_button button_color=&#8220;accent&#8220; size=&#8220;link&#8220; custom_typo=&#8220;yes&#8220; font_family=&#8220;font-107488&#8243; font_weight=&#8220;700&#8243; text_transform=&#8220;uppercase&#8220; display=&#8220;inline&#8220; link=&#8220;url:tel%3A003292739756|title:Shop|&#8220; uncode_shortcode_id=&#8220;119628&#8243; button_color_type=&#8220;uncode-palette&#8220; icon=&#8220;fa fa-phone&#8220; el_class=&#8220;phonebtn&#8220;]+32 (0)9 273 97 56[\/vc_button][\/vc_column_inner][vc_column_inner column_width_percent=&#8220;100&#8243; gutter_size=&#8220;3&#8243; expand_height=&#8220;yes&#8220; overlay_alpha=&#8220;50&#8243; shift_x=&#8220;0&#8243; shift_y=&#8220;0&#8243; shift_y_down=&#8220;0&#8243; z_index=&#8220;0&#8243; medium_width=&#8220;0&#8243; mobile_width=&#8220;0&#8243; width=&#8220;8\/12&#8243; uncode_shortcode_id=&#8220;194468&#8243;][\/vc_column_inner][\/vc_row_inner][\/vc_column][\/vc_row][vc_row][vc_column width=&#8220;1\/1&#8243;][uncode_block id=&#8220;2205&#8243;][\/vc_column][\/vc_row][vc_row][vc_column width=&#8220;1\/1&#8243;][vc_custom_heading uncode_shortcode_id=&#8220;115371&#8243;]Schwei\u00dftische[\/vc_custom_heading][uncode_index el_id=&#8220;index-151734&#8243; isotope_mode=&#8220;fitRows&#8220; loop=&#8220;size:6|order_by:date|post_type:product|tax_query:18|taxonomy_count:10&#8243; screen_lg=&#8220;1000&#8243; screen_md=&#8220;600&#8243; screen_sm=&#8220;480&#8243; gutter_size=&#8220;3&#8243; product_items=&#8220;media|featured|onpost|original|hide-sale|inherit-atc|inherit-w-atc|atc-typo-default|show-atc,price|default,title,detail-195370,quick-view-button&#8220; single_overlay_opacity=&#8220;10&#8243; single_padding=&#8220;2&#8243; single_border=&#8220;yes&#8220; custom_order=&#8220;yes&#8220; no_double_tap=&#8220;yes&#8220; uncode_shortcode_id=&#8220;111939&#8243; el_class=&#8220;postblock postblocklastafels&#8220; order_ids=&#8220;105,256,261,262,1772,1781&#8243;][\/vc_column][\/vc_row][vc_row][vc_column width=&#8220;1\/1&#8243;][vc_custom_heading uncode_shortcode_id=&#8220;139014&#8243;]Pakete[\/vc_custom_heading][uncode_index el_id=&#8220;index-151734&#8243; isotope_mode=&#8220;fitRows&#8220; loop=&#8220;size:3|order_by:date|post_type:product|tax_query:19|taxonomy_count:10&#8243; screen_lg=&#8220;1000&#8243; screen_md=&#8220;600&#8243; screen_sm=&#8220;480&#8243; gutter_size=&#8220;3&#8243; product_items=&#8220;media|featured|onpost|original|show-sale|inherit-atc|inherit-w-atc|atc-typo-default|show-atc,price|default,title,detail-195370,quick-view-button&#8220; images_size=&#8220;sixteen-nine&#8220; single_overlay_opacity=&#8220;10&#8243; single_padding=&#8220;2&#8243; single_border=&#8220;yes&#8220; no_double_tap=&#8220;yes&#8220; uncode_shortcode_id=&#8220;906704&#8243; el_class=&#8220;postblock shadowpostblock&#8220;][\/vc_column][\/vc_row][vc_row][vc_column width=&#8220;1\/1&#8243;][vc_custom_heading uncode_shortcode_id=&#8220;142787&#8243;]Zubeh\u00f6r[\/vc_custom_heading][uncode_index el_id=&#8220;index-151734&#8243; isotope_mode=&#8220;fitRows&#8220; loop=&#8220;size:16|order_by:date|post_type:product|tax_query:20|taxonomy_count:10&#8243; screen_lg=&#8220;1000&#8243; screen_md=&#8220;600&#8243; screen_sm=&#8220;480&#8243; gutter_size=&#8220;3&#8243; product_items=&#8220;media|featured|onpost|original|hide-sale|inherit-atc|inherit-w-atc|atc-typo-default|show-atc,price|default,title,detail-195370,quick-view-button&#8220; single_width=&#8220;3&#8243; images_size=&#8220;four-three&#8220; single_overlay_opacity=&#8220;10&#8243; single_padding=&#8220;2&#8243; single_border=&#8220;yes&#8220; no_double_tap=&#8220;yes&#8220; uncode_shortcode_id=&#8220;704823&#8243; el_class=&#8220;postblock&#8220;][\/vc_column][\/vc_row][vc_row][vc_column width=&#8220;1\/1&#8243;][vc_raw_html]PCEtLSBFbGZzaWdodCBJbnN0YWdyYW0gRmVlZCB8IFVudGl0bGVkIEluc3RhZ3JhbSBGZWVkIC0tPgo8c2NyaXB0IHNyYz0iaHR0cHM6Ly9zdGF0aWMuZWxmc2lnaHQuY29tL3BsYXRmb3JtL3BsYXRmb3JtLmpzIiBhc3luYz0iIj48L3NjcmlwdD4KPGRpdiBjbGFzcz0iZWxmc2lnaHQtYXBwLTM5Nzc4MmFjLTY5YjYtNDkzZS1iNjFkLWYxNWQ1YjdmMzYyYyIgZGF0YS1lbGZzaWdodC1hcHAtbGF6eT0iIj48L2Rpdj4=[\/vc_raw_html][\/vc_column][\/vc_row][vc_row row_height_percent=&#8220;0&#8243; override_padding=&#8220;yes&#8220; h_padding=&#8220;2&#8243; top_padding=&#8220;0&#8243; bottom_padding=&#8220;0&#8243; back_color=&#8220;color-jevc&#8220; overlay_alpha=&#8220;50&#8243; gutter_size=&#8220;3&#8243; column_width_percent=&#8220;100&#8243; shift_y=&#8220;0&#8243; z_index=&#8220;0&#8243; inverted_device_order=&#8220;yes&#8220; uncode_shortcode_id=&#8220;183337&#8243; back_color_type=&#8220;uncode-palette&#8220; el_class=&#8220;wiezijnwijhome&#8220;][vc_column column_width_percent=&#8220;100&#8243; position_vertical=&#8220;middle&#8220; gutter_size=&#8220;2&#8243; style=&#8220;dark&#8220; overlay_alpha=&#8220;50&#8243; shift_x=&#8220;0&#8243; shift_y=&#8220;0&#8243; shift_y_down=&#8220;0&#8243; z_index=&#8220;0&#8243; medium_width=&#8220;0&#8243; mobile_width=&#8220;0&#8243; width=&#8220;1\/3&#8243; uncode_shortcode_id=&#8220;153526&#8243;][vc_custom_heading uncode_shortcode_id=&#8220;180215&#8243;]Wer sind wir?[\/vc_custom_heading][vc_column_text uncode_shortcode_id=&#8220;740085&#8243;]Als zweite Generation in einem Metallbearbeitungsbetrieb wissen wir wie kein anderer, was Fachleute ben\u00f6tigen, um ihre Schwei\u00dfarbeiten effizient auszuf\u00fchren.<\/p>\n<p>Aus dieser Leidenschaft heraus haben wir eine eigene Linie von Schwei\u00df- und Spanntischen entwickelt, die f\u00fcr jeden Schwei\u00dfer der perfekte Partner f\u00fcr jedes Projekt ist. Qualit\u00e4t, Pr\u00e4zision und Freude am Beruf \u2013 das ist Vostables.[\/vc_column_text][vc_button button_color=&#8220;color-269362&#8243; hover_fx=&#8220;full-colored&#8220; custom_typo=&#8220;yes&#8220; font_family=&#8220;font-107488&#8243; font_weight=&#8220;700&#8243; text_transform=&#8220;uppercase&#8220; border_width=&#8220;0&#8243; link=&#8220;url:https%3A%2F%2Fvostables.be%2Fde%2Fueber-uns%2F|title:%C3%9Cber%20uns|&#8220; button_color_type=&#8220;uncode-palette&#8220; uncode_shortcode_id=&#8220;140572&#8243;]Mehr erfahren[\/vc_button][\/vc_column][vc_column width=&#8220;2\/3&#8243;][vc_single_image media=&#8220;3228&#8243; media_width_percent=&#8220;100&#8243; uncode_shortcode_id=&#8220;177330&#8243;][\/vc_column][\/vc_row][vc_row row_height_percent=&#8220;0&#8243; back_color=&#8220;color-xsdn&#8220; overlay_alpha=&#8220;50&#8243; gutter_size=&#8220;3&#8243; column_width_percent=&#8220;100&#8243; shift_y=&#8220;0&#8243; z_index=&#8220;0&#8243; uncode_shortcode_id=&#8220;399278&#8243; back_color_type=&#8220;uncode-palette&#8220; el_class=&#8220;fbrecentieblock&#8220;][vc_column column_width_percent=&#8220;100&#8243; gutter_size=&#8220;3&#8243; overlay_alpha=&#8220;50&#8243; shift_x=&#8220;0&#8243; shift_y=&#8220;0&#8243; shift_y_down=&#8220;0&#8243; z_index=&#8220;0&#8243; medium_width=&#8220;0&#8243; mobile_width=&#8220;0&#8243; width=&#8220;1\/1&#8243; uncode_shortcode_id=&#8220;176119&#8243;][vc_custom_heading uncode_shortcode_id=&#8220;166200&#8243;]Rezensionen[\/vc_custom_heading][vc_gallery el_id=&#8220;gallery-143408&#8243; type=&#8220;carousel&#8220; medias=&#8220;3761,3439,3329,3332,3335,3338,3387,3390,3393,3396,3442&#8243; carousel_lg=&#8220;4&#8243; carousel_md=&#8220;2&#8243; carousel_sm=&#8220;1&#8243; gutter_size=&#8220;3&#8243; media_items=&#8220;media|nolink|original,icon&#8220; carousel_interval=&#8220;3000&#8243; carousel_navspeed=&#8220;400&#8243; carousel_loop=&#8220;yes&#8220; carousel_dots=&#8220;yes&#8220; carousel_dots_space=&#8220;yes&#8220; stage_padding=&#8220;0&#8243; single_overlay_opacity=&#8220;1&#8243; single_overlay_anim=&#8220;no&#8220; single_image_anim=&#8220;no&#8220; single_padding=&#8220;2&#8243; single_border=&#8220;yes&#8220; no_double_tap=&#8220;yes&#8220; uncode_shortcode_id=&#8220;344746&#8243;][\/vc_column][\/vc_row][vc_row][vc_column width=&#8220;1\/1&#8243;][uncode_block id=&#8220;2183&#8243;][\/vc_column][\/vc_row]<\/p>\n<\/div>","protected":false},"excerpt":{"rendered":"<p>[vc_row row_height_percent=&#8220;70&#8243; override_padding=&#8220;yes&#8220; h_padding=&#8220;2&#8243; top_padding=&#8220;0&#8243; bottom_padding=&#8220;0&#8243; back_color=&#8220;color-176929&#8243; back_image=&#8220;662&#8243; parallax=&#8220;yes&#8220; overlay_alpha=&#8220;50&#8243; gutter_size=&#8220;3&#8243; column_width_percent=&#8220;100&#8243; shift_y=&#8220;0&#8243; z_index=&#8220;0&#8243; content_parallax=&#8220;0&#8243; uncode_shortcode_id=&#8220;199079&#8243; el_class=&#8220;foldhome&#8220; back_color_type=&#8220;uncode-palette&#8220; row_height_pixel=&#8220;350&#8243;][vc_column column_width_percent=&#8220;100&#8243; [&hellip;]<\/p>\n","protected":false},"author":2,"featured_media":0,"parent":0,"menu_order":0,"comment_status":"closed","ping_status":"closed","template":"","meta":{"_acf_changed":false,"footnotes":""},"class_list":["post-5989","page","type-page","status-publish","hentry"],"acf":[],"_links":{"self":[{"href":"https:\/\/vostables.com\/de\/wp-json\/wp\/v2\/pages\/5989","targetHints":{"allow":["GET"]}}],"collection":[{"href":"https:\/\/vostables.com\/de\/wp-json\/wp\/v2\/pages"}],"about":[{"href":"https:\/\/vostables.com\/de\/wp-json\/wp\/v2\/types\/page"}],"author":[{"embeddable":true,"href":"https:\/\/vostables.com\/de\/wp-json\/wp\/v2\/users\/2"}],"replies":[{"embeddable":true,"href":"https:\/\/vostables.com\/de\/wp-json\/wp\/v2\/comments?post=5989"}],"version-history":[{"count":4,"href":"https:\/\/vostables.com\/de\/wp-json\/wp\/v2\/pages\/5989\/revisions"}],"predecessor-version":[{"id":6857,"href":"https:\/\/vostables.com\/de\/wp-json\/wp\/v2\/pages\/5989\/revisions\/6857"}],"wp:attachment":[{"href":"https:\/\/vostables.com\/de\/wp-json\/wp\/v2\/media?parent=5989"}],"curies":[{"name":"wp","href":"https:\/\/api.w.org\/{rel}","templated":true}]}}