{"id":6046,"date":"2025-10-08T17:56:02","date_gmt":"2025-10-08T15:56:02","guid":{"rendered":"https:\/\/vostables.be\/homepage-standard-premium-jeroen-edition\/"},"modified":"2025-11-02T15:52:07","modified_gmt":"2025-11-02T13:52:07","slug":"homepage-standard-premium-jeroen-edition","status":"publish","type":"page","link":"https:\/\/vostables.com\/de\/homepage-standard-premium-jeroen-edition\/","title":{"rendered":"Homepage Standard Premium Jeroen Edition"},"content":{"rendered":"<div class=\"wpb-content-wrapper\"><p>[vc_row row_height_percent=&#8220;75&#8243; back_color=&#8220;color-wayh&#8220; back_image=&#8220;4398&#8243; overlay_color=&#8220;color-jevc&#8220; overlay_alpha=&#8220;80&#8243; gutter_size=&#8220;3&#8243; column_width_percent=&#8220;100&#8243; shift_y=&#8220;0&#8243; z_index=&#8220;0&#8243; content_parallax=&#8220;0&#8243; uncode_shortcode_id=&#8220;956177&#8243; overlay_color_type=&#8220;uncode-palette&#8220; back_color_type=&#8220;uncode-palette&#8220; el_class=&#8220;foldhomepremium&#8220;][vc_column column_width_use_pixel=&#8220;yes&#8220; position_vertical=&#8220;middle&#8220; align_horizontal=&#8220;align_center&#8220; gutter_size=&#8220;2&#8243; style=&#8220;dark&#8220; overlay_alpha=&#8220;50&#8243; shift_x=&#8220;0&#8243; shift_y=&#8220;0&#8243; shift_y_down=&#8220;0&#8243; z_index=&#8220;0&#8243; medium_width=&#8220;0&#8243; mobile_width=&#8220;0&#8243; width=&#8220;1\/1&#8243; uncode_shortcode_id=&#8220;251668&#8243; column_width_pixel=&#8220;850&#8243;][vc_custom_heading text_color=&#8220;color-xsdn&#8220; heading_semantic=&#8220;h1&#8243; text_size=&#8220;h1&#8243; uncode_shortcode_id=&#8220;158626&#8243; text_color_type=&#8220;uncode-palette&#8220;]Der Schwei\u00dftisch, der zu Ihnen passt[\/vc_custom_heading][vc_custom_heading text_color=&#8220;color-xsdn&#8220; heading_semantic=&#8220;h3&#8243; text_weight=&#8220;200&#8243; uncode_shortcode_id=&#8220;129236&#8243; text_color_type=&#8220;uncode-palette&#8220;]Moderne Schwei\u00dftische mit Industriequalit\u00e4t. W\u00e4hlen Sie zwischen zug\u00e4nglicher Zuverl\u00e4ssigkeit oder ultimativer Pr\u00e4zision.[\/vc_custom_heading][vc_column_text text_lead=&#8220;yes&#8220; uncode_shortcode_id=&#8220;201510&#8243;]<\/p>\n<div class=\"flex items-center gap-2\"><span class=\"text-lg\">Industrielle Bauqualit\u00e4t &#8211; <\/span><span class=\"text-lg\">Pr\u00e4zisions-Grid-System &#8211; <\/span><span class=\"text-lg\">Niederl\u00e4ndische Montage<\/span><\/div>\n<p>[\/vc_column_text][vc_empty_space empty_h=&#8220;1&#8243;][vc_button button_color=&#8220;accent&#8220; hover_fx=&#8220;full-colored&#8220; custom_typo=&#8220;yes&#8220; font_family=&#8220;font-107488&#8243; font_weight=&#8220;700&#8243; text_transform=&#8220;uppercase&#8220; border_width=&#8220;0&#8243; display=&#8220;inline&#8220; link=&#8220;url:https%3A%2F%2Fvostables.be%2Fshop%2F|title:Shop|&#8220; uncode_shortcode_id=&#8220;801983&#8243; button_color_type=&#8220;uncode-palette&#8220;]Webshop[\/vc_button][vc_button button_color=&#8220;accent&#8220; size=&#8220;link&#8220; custom_typo=&#8220;yes&#8220; font_family=&#8220;font-107488&#8243; font_weight=&#8220;700&#8243; text_transform=&#8220;uppercase&#8220; display=&#8220;inline&#8220; link=&#8220;url:tel%3A003292739756|title:Shop|&#8220; uncode_shortcode_id=&#8220;119628&#8243; button_color_type=&#8220;uncode-palette&#8220; icon=&#8220;fa fa-phone&#8220; el_class=&#8220;phonebtn&#8220;]+32 (0)9 273 97 56[\/vc_button][vc_empty_space empty_h=&#8220;2&#8243;][\/vc_column][\/vc_row][vc_row row_height_percent=&#8220;0&#8243; overlay_alpha=&#8220;50&#8243; gutter_size=&#8220;3&#8243; column_width_percent=&#8220;100&#8243; shift_y=&#8220;-5&#8243; z_index=&#8220;0&#8243; content_parallax=&#8220;0&#8243; uncode_shortcode_id=&#8220;116910&#8243; el_class=&#8220;greencheck productsoorten&#8220;][vc_column column_width_percent=&#8220;100&#8243; gutter_size=&#8220;2&#8243; back_color=&#8220;color-xsdn&#8220; overlay_alpha=&#8220;50&#8243; shadow=&#8220;std&#8220; shift_x=&#8220;0&#8243; shift_y=&#8220;0&#8243; shift_y_down=&#8220;0&#8243; z_index=&#8220;0&#8243; medium_width=&#8220;0&#8243; mobile_width=&#8220;0&#8243; width=&#8220;1\/2&#8243; uncode_shortcode_id=&#8220;110227&#8243; back_color_type=&#8220;uncode-palette&#8220;][vc_custom_heading uncode_shortcode_id=&#8220;188622&#8243;]Vostables STANDARD[\/vc_custom_heading][vc_column_text uncode_shortcode_id=&#8220;598170&#8243;]Der zuverl\u00e4ssige Standard-Schwei\u00dftisch f\u00fcr jede Werkstatt.[\/vc_column_text][vc_single_image media=&#8220;5181&#8243; media_width_percent=&#8220;100&#8243; media_ratio=&#8220;sixteen-nine&#8220; uncode_shortcode_id=&#8220;787418&#8243; media_link=&#8220;url:https%3A%2F%2Fvostables.be%2Flastafels%2F|title:Lastafels&#8220;][vc_column_text uncode_shortcode_id=&#8220;164950&#8243;]<\/p>\n<ul>\n<li>Auswahl aus 5 Formaten<\/li>\n<li>Das beste Preis-Leistungs-Verh\u00e4ltnis<\/li>\n<li>Kompatibel mit STANDARD-Werkzeugen<\/li>\n<\/ul>\n<p>[\/vc_column_text][vc_button button_color=&#8220;accent&#8220; border_width=&#8220;0&#8243; link=&#8220;url:https%3A%2F%2Fvostables.be%2Fde%2Fschweisstische%2F|title:Lastafels|&#8220; button_color_type=&#8220;uncode-palette&#8220; uncode_shortcode_id=&#8220;236041&#8243;]Standard ansehen[\/vc_button][vc_column_text uncode_shortcode_id=&#8220;812384&#8243; el_class=&#8220;pricetag&#8220;]<em>Ab 775,- \u20ac<\/em>[\/vc_column_text][\/vc_column][vc_column column_width_percent=&#8220;100&#8243; gutter_size=&#8220;2&#8243; back_color=&#8220;color-xsdn&#8220; overlay_alpha=&#8220;50&#8243; shadow=&#8220;std&#8220; shift_x=&#8220;0&#8243; shift_y=&#8220;0&#8243; shift_y_down=&#8220;0&#8243; z_index=&#8220;0&#8243; medium_width=&#8220;0&#8243; mobile_width=&#8220;0&#8243; width=&#8220;1\/2&#8243; uncode_shortcode_id=&#8220;140000&#8243; back_color_type=&#8220;uncode-palette&#8220; el_class=&#8220;premiumcolor&#8220;][vc_custom_heading uncode_shortcode_id=&#8220;144601&#8243;]Vostables PREMIUM <mark> Neu <\/mark>[\/vc_custom_heading][vc_column_text uncode_shortcode_id=&#8220;441070&#8243;]F\u00fcr h\u00f6chste Pr\u00e4zision, maximale Ebenheit und perfekte Wiederholbarkeit.[\/vc_column_text][vc_single_image media=&#8220;5185&#8243; media_width_percent=&#8220;100&#8243; media_ratio=&#8220;sixteen-nine&#8220; uncode_shortcode_id=&#8220;359240&#8243; media_link=&#8220;url:https%3A%2F%2Fvostables.be%2Flastafels-premium%2F&#8220;][vc_column_text uncode_shortcode_id=&#8220;187139&#8243;]<\/p>\n<ul>\n<li>Auswahl aus 4 Formaten<\/li>\n<li>Flach gefr\u00e4st, nitriert und geh\u00e4rtet<\/li>\n<li>Kompatibel mit PREMIUM-Werkzeugen<\/li>\n<\/ul>\n<p>[\/vc_column_text][vc_button button_color=&#8220;color-130857&#8243; border_width=&#8220;0&#8243; link=&#8220;url:https%3A%2F%2Fvostables.be%2Flastafels-premium%2F|title:Lastafels|&#8220; button_color_type=&#8220;uncode-palette&#8220; uncode_shortcode_id=&#8220;219105&#8243;]Premium entdecken[\/vc_button][vc_column_text uncode_shortcode_id=&#8220;235930&#8243; el_class=&#8220;pricetag&#8220;]<em>Ab 1.775,- \u20ac<\/em>[\/vc_column_text][\/vc_column][\/vc_row][vc_row][vc_column width=&#8220;1\/1&#8243;][uncode_block id=&#8220;2846&#8243;][\/vc_column][\/vc_row][vc_row][vc_column width=&#8220;1\/1&#8243;][uncode_block id=&#8220;65&#8243;][\/vc_column][\/vc_row]<\/p>\n<\/div>","protected":false},"excerpt":{"rendered":"<p>[vc_row row_height_percent=&#8220;75&#8243; back_color=&#8220;color-wayh&#8220; back_image=&#8220;4398&#8243; overlay_color=&#8220;color-jevc&#8220; overlay_alpha=&#8220;80&#8243; gutter_size=&#8220;3&#8243; column_width_percent=&#8220;100&#8243; shift_y=&#8220;0&#8243; z_index=&#8220;0&#8243; content_parallax=&#8220;0&#8243; uncode_shortcode_id=&#8220;956177&#8243; overlay_color_type=&#8220;uncode-palette&#8220; back_color_type=&#8220;uncode-palette&#8220; el_class=&#8220;foldhomepremium&#8220;][vc_column column_width_use_pixel=&#8220;yes&#8220; position_vertical=&#8220;middle&#8220; align_horizontal=&#8220;align_center&#8220; gutter_size=&#8220;2&#8243; style=&#8220;dark&#8220; [&hellip;]<\/p>\n","protected":false},"author":1,"featured_media":0,"parent":0,"menu_order":0,"comment_status":"closed","ping_status":"closed","template":"","meta":{"_acf_changed":false,"footnotes":""},"class_list":["post-6046","page","type-page","status-publish","hentry"],"acf":[],"_links":{"self":[{"href":"https:\/\/vostables.com\/de\/wp-json\/wp\/v2\/pages\/6046","targetHints":{"allow":["GET"]}}],"collection":[{"href":"https:\/\/vostables.com\/de\/wp-json\/wp\/v2\/pages"}],"about":[{"href":"https:\/\/vostables.com\/de\/wp-json\/wp\/v2\/types\/page"}],"author":[{"embeddable":true,"href":"https:\/\/vostables.com\/de\/wp-json\/wp\/v2\/users\/1"}],"replies":[{"embeddable":true,"href":"https:\/\/vostables.com\/de\/wp-json\/wp\/v2\/comments?post=6046"}],"version-history":[{"count":11,"href":"https:\/\/vostables.com\/de\/wp-json\/wp\/v2\/pages\/6046\/revisions"}],"predecessor-version":[{"id":6121,"href":"https:\/\/vostables.com\/de\/wp-json\/wp\/v2\/pages\/6046\/revisions\/6121"}],"wp:attachment":[{"href":"https:\/\/vostables.com\/de\/wp-json\/wp\/v2\/media?parent=6046"}],"curies":[{"name":"wp","href":"https:\/\/api.w.org\/{rel}","templated":true}]}}