{"id":6063,"date":"2025-10-08T17:56:02","date_gmt":"2025-10-08T15:56:02","guid":{"rendered":"https:\/\/vostables.be\/page-daccueil-standard-premium-edition-jeroen\/"},"modified":"2025-11-02T15:52:07","modified_gmt":"2025-11-02T13:52:07","slug":"page-daccueil-standard-premium-edition-jeroen","status":"publish","type":"page","link":"https:\/\/vostables.com\/fr\/page-daccueil-standard-premium-edition-jeroen\/","title":{"rendered":"Page d&rsquo;accueil standard premium \u00e9dition jeroen"},"content":{"rendered":"<div class=\"wpb-content-wrapper\"><p>[vc_row row_height_percent=\u00a0\u00bb75&Prime; back_color=\u00a0\u00bbcolor-wayh\u00a0\u00bb back_image=\u00a0\u00bb4398&Prime; overlay_color=\u00a0\u00bbcolor-jevc\u00a0\u00bb overlay_alpha=\u00a0\u00bb80&Prime; gutter_size=\u00a0\u00bb3&Prime; column_width_percent=\u00a0\u00bb100&Prime; shift_y=\u00a0\u00bb0&Prime; z_index=\u00a0\u00bb0&Prime; content_parallax=\u00a0\u00bb0&Prime; uncode_shortcode_id=\u00a0\u00bb956177&Prime; overlay_color_type=\u00a0\u00bbuncode-palette\u00a0\u00bb back_color_type=\u00a0\u00bbuncode-palette\u00a0\u00bb el_class=\u00a0\u00bbfoldhomepremium\u00a0\u00bb][vc_column column_width_use_pixel=\u00a0\u00bbyes\u00a0\u00bb position_vertical=\u00a0\u00bbmiddle\u00a0\u00bb align_horizontal=\u00a0\u00bbalign_center\u00a0\u00bb gutter_size=\u00a0\u00bb2&Prime; style=\u00a0\u00bbdark\u00a0\u00bb overlay_alpha=\u00a0\u00bb50&Prime; shift_x=\u00a0\u00bb0&Prime; shift_y=\u00a0\u00bb0&Prime; shift_y_down=\u00a0\u00bb0&Prime; z_index=\u00a0\u00bb0&Prime; medium_width=\u00a0\u00bb0&Prime; mobile_width=\u00a0\u00bb0&Prime; width=\u00a0\u00bb1\/1&Prime; uncode_shortcode_id=\u00a0\u00bb251668&Prime; column_width_pixel=\u00a0\u00bb850&Prime;][vc_custom_heading text_color=\u00a0\u00bbcolor-xsdn\u00a0\u00bb heading_semantic=\u00a0\u00bbh1&Prime; text_size=\u00a0\u00bbh1&Prime; uncode_shortcode_id=\u00a0\u00bb158626&Prime; text_color_type=\u00a0\u00bbuncode-palette\u00a0\u00bb]La table de soudage qui vous convient[\/vc_custom_heading][vc_custom_heading text_color=\u00a0\u00bbcolor-xsdn\u00a0\u00bb heading_semantic=\u00a0\u00bbh3&Prime; text_weight=\u00a0\u00bb200&Prime; uncode_shortcode_id=\u00a0\u00bb129236&Prime; text_color_type=\u00a0\u00bbuncode-palette\u00a0\u00bb]Tables de soudage modernes de qualit\u00e9 industrielle. Choisissez entre fiabilit\u00e9 accessible ou pr\u00e9cision ultime.[\/vc_custom_heading][vc_column_text text_lead=\u00a0\u00bbyes\u00a0\u00bb uncode_shortcode_id=\u00a0\u00bb201510&Prime;]<\/p>\n<div class=\"flex items-center gap-2\"><span class=\"text-lg\">Qualit\u00e9 de construction industrielle &#8211; <\/span><span class=\"text-lg\">Syst\u00e8me de grille de pr\u00e9cision &#8211; <\/span><span class=\"text-lg\">Assemblage n\u00e9erlandais<\/span><\/div>\n<p>[\/vc_column_text][vc_empty_space empty_h=\u00a0\u00bb1&Prime;][vc_button button_color=\u00a0\u00bbaccent\u00a0\u00bb hover_fx=\u00a0\u00bbfull-colored\u00a0\u00bb custom_typo=\u00a0\u00bbyes\u00a0\u00bb font_family=\u00a0\u00bbfont-107488&Prime; font_weight=\u00a0\u00bb700&Prime; text_transform=\u00a0\u00bbuppercase\u00a0\u00bb border_width=\u00a0\u00bb0&Prime; display=\u00a0\u00bbinline\u00a0\u00bb link=\u00a0\u00bburl:https%3A%2F%2Fvostables.be%2Fshop%2F|title:Shop|\u00a0\u00bb uncode_shortcode_id=\u00a0\u00bb801983&Prime; button_color_type=\u00a0\u00bbuncode-palette\u00a0\u00bb]Boutique en ligne[\/vc_button][vc_button button_color=\u00a0\u00bbaccent\u00a0\u00bb size=\u00a0\u00bblink\u00a0\u00bb custom_typo=\u00a0\u00bbyes\u00a0\u00bb font_family=\u00a0\u00bbfont-107488&Prime; font_weight=\u00a0\u00bb700&Prime; text_transform=\u00a0\u00bbuppercase\u00a0\u00bb display=\u00a0\u00bbinline\u00a0\u00bb link=\u00a0\u00bburl:tel%3A003292739756|title:Shop|\u00a0\u00bb uncode_shortcode_id=\u00a0\u00bb119628&Prime; button_color_type=\u00a0\u00bbuncode-palette\u00a0\u00bb icon=\u00a0\u00bbfa fa-phone\u00a0\u00bb el_class=\u00a0\u00bbphonebtn\u00a0\u00bb]+32 (0)9 273 97 56[\/vc_button][vc_empty_space empty_h=\u00a0\u00bb2&Prime;][\/vc_column][\/vc_row][vc_row row_height_percent=\u00a0\u00bb0&Prime; overlay_alpha=\u00a0\u00bb50&Prime; gutter_size=\u00a0\u00bb3&Prime; column_width_percent=\u00a0\u00bb100&Prime; shift_y=\u00a0\u00bb-5&Prime; z_index=\u00a0\u00bb0&Prime; content_parallax=\u00a0\u00bb0&Prime; uncode_shortcode_id=\u00a0\u00bb116910&Prime; el_class=\u00a0\u00bbgreencheck productsoorten\u00a0\u00bb][vc_column column_width_percent=\u00a0\u00bb100&Prime; gutter_size=\u00a0\u00bb2&Prime; back_color=\u00a0\u00bbcolor-xsdn\u00a0\u00bb overlay_alpha=\u00a0\u00bb50&Prime; shadow=\u00a0\u00bbstd\u00a0\u00bb shift_x=\u00a0\u00bb0&Prime; shift_y=\u00a0\u00bb0&Prime; shift_y_down=\u00a0\u00bb0&Prime; z_index=\u00a0\u00bb0&Prime; medium_width=\u00a0\u00bb0&Prime; mobile_width=\u00a0\u00bb0&Prime; width=\u00a0\u00bb1\/2&Prime; uncode_shortcode_id=\u00a0\u00bb110227&Prime; back_color_type=\u00a0\u00bbuncode-palette\u00a0\u00bb][vc_custom_heading uncode_shortcode_id=\u00a0\u00bb188622&Prime;]Vostables STANDARD[\/vc_custom_heading][vc_column_text uncode_shortcode_id=\u00a0\u00bb598170&Prime;]La table de soudage standard fiable pour chaque atelier.[\/vc_column_text][vc_single_image media=\u00a0\u00bb5180&Prime; media_width_percent=\u00a0\u00bb100&Prime; media_ratio=\u00a0\u00bbsixteen-nine\u00a0\u00bb uncode_shortcode_id=\u00a0\u00bb787418&Prime; media_link=\u00a0\u00bburl:https%3A%2F%2Fvostables.be%2Flastafels%2F|title:Lastafels\u00a0\u00bb][vc_column_text uncode_shortcode_id=\u00a0\u00bb164950&Prime;]<\/p>\n<ul>\n<li>Choix parmi 5 formats<\/li>\n<li>Le meilleur rapport qualit\u00e9\/prix<\/li>\n<li>Compatible avec les outils STANDARD<\/li>\n<\/ul>\n<p>[\/vc_column_text][vc_button button_color=\u00a0\u00bbaccent\u00a0\u00bb border_width=\u00a0\u00bb0&Prime; link=\u00a0\u00bburl:https%3A%2F%2Fvostables.be%2Ffr%2Ftables-de-soudure%2F|title:Lastafels|\u00a0\u00bb button_color_type=\u00a0\u00bbuncode-palette\u00a0\u00bb uncode_shortcode_id=\u00a0\u00bb236041&Prime;]Voir Standard[\/vc_button][vc_column_text uncode_shortcode_id=\u00a0\u00bb812384&Prime; el_class=\u00a0\u00bbpricetag\u00a0\u00bb]<em>\u00c0 partir de 775 \u20ac<\/em>[\/vc_column_text][\/vc_column][vc_column column_width_percent=\u00a0\u00bb100&Prime; gutter_size=\u00a0\u00bb2&Prime; back_color=\u00a0\u00bbcolor-xsdn\u00a0\u00bb overlay_alpha=\u00a0\u00bb50&Prime; shadow=\u00a0\u00bbstd\u00a0\u00bb shift_x=\u00a0\u00bb0&Prime; shift_y=\u00a0\u00bb0&Prime; shift_y_down=\u00a0\u00bb0&Prime; z_index=\u00a0\u00bb0&Prime; medium_width=\u00a0\u00bb0&Prime; mobile_width=\u00a0\u00bb0&Prime; width=\u00a0\u00bb1\/2&Prime; uncode_shortcode_id=\u00a0\u00bb140000&Prime; back_color_type=\u00a0\u00bbuncode-palette\u00a0\u00bb el_class=\u00a0\u00bbpremiumcolor\u00a0\u00bb][vc_custom_heading uncode_shortcode_id=\u00a0\u00bb144601&Prime;]Vostables PREMIUM <mark> Nouveau <\/mark>[\/vc_custom_heading][vc_column_text uncode_shortcode_id=\u00a0\u00bb441070&Prime;]Pour une pr\u00e9cision maximale, une plan\u00e9it\u00e9 optimale et une parfaite reproductibilit\u00e9.[\/vc_column_text][vc_single_image media=\u00a0\u00bb5184&Prime; media_width_percent=\u00a0\u00bb100&Prime; media_ratio=\u00a0\u00bbsixteen-nine\u00a0\u00bb uncode_shortcode_id=\u00a0\u00bb359240&Prime; media_link=\u00a0\u00bburl:https%3A%2F%2Fvostables.be%2Flastafels-premium%2F\u00a0\u00bb][vc_column_text uncode_shortcode_id=\u00a0\u00bb187139&Prime;]<\/p>\n<ul>\n<li>Choix parmi 4 formats<\/li>\n<li>Frais\u00e9 \u00e0 plat, nitrur\u00e9 et durci<\/li>\n<li>Compatible avec les outils PREMIUM<\/li>\n<\/ul>\n<p>[\/vc_column_text][vc_button button_color=\u00a0\u00bbcolor-130857&Prime; border_width=\u00a0\u00bb0&Prime; link=\u00a0\u00bburl:https%3A%2F%2Fvostables.be%2Flastafels-premium%2F|title:Lastafels|\u00a0\u00bb button_color_type=\u00a0\u00bbuncode-palette\u00a0\u00bb uncode_shortcode_id=\u00a0\u00bb219105&Prime;]D\u00e9couvrez Premium[\/vc_button][vc_column_text uncode_shortcode_id=\u00a0\u00bb235930&Prime; el_class=\u00a0\u00bbpricetag\u00a0\u00bb]<em>\u00c0 partir de 1 775 \u20ac<\/em>[\/vc_column_text][\/vc_column][\/vc_row][vc_row][vc_column width=\u00a0\u00bb1\/1&Prime;][uncode_block id=\u00a0\u00bb2846&Prime;][\/vc_column][\/vc_row][vc_row][vc_column width=\u00a0\u00bb1\/1&Prime;][uncode_block id=\u00a0\u00bb65&Prime;][\/vc_column][\/vc_row]<\/p>\n<\/div>","protected":false},"excerpt":{"rendered":"<p>[vc_row row_height_percent=\u00a0\u00bb75&Prime; back_color=\u00a0\u00bbcolor-wayh\u00a0\u00bb back_image=\u00a0\u00bb4398&Prime; overlay_color=\u00a0\u00bbcolor-jevc\u00a0\u00bb overlay_alpha=\u00a0\u00bb80&Prime; gutter_size=\u00a0\u00bb3&Prime; column_width_percent=\u00a0\u00bb100&Prime; shift_y=\u00a0\u00bb0&Prime; z_index=\u00a0\u00bb0&Prime; content_parallax=\u00a0\u00bb0&Prime; uncode_shortcode_id=\u00a0\u00bb956177&Prime; overlay_color_type=\u00a0\u00bbuncode-palette\u00a0\u00bb back_color_type=\u00a0\u00bbuncode-palette\u00a0\u00bb el_class=\u00a0\u00bbfoldhomepremium\u00a0\u00bb][vc_column column_width_use_pixel=\u00a0\u00bbyes\u00a0\u00bb position_vertical=\u00a0\u00bbmiddle\u00a0\u00bb align_horizontal=\u00a0\u00bbalign_center\u00a0\u00bb gutter_size=\u00a0\u00bb2&Prime; style=\u00a0\u00bbdark\u00a0\u00bb [&hellip;]<\/p>\n","protected":false},"author":1,"featured_media":0,"parent":0,"menu_order":0,"comment_status":"closed","ping_status":"closed","template":"","meta":{"_acf_changed":false,"footnotes":""},"class_list":["post-6063","page","type-page","status-publish","hentry"],"acf":[],"_links":{"self":[{"href":"https:\/\/vostables.com\/fr\/wp-json\/wp\/v2\/pages\/6063","targetHints":{"allow":["GET"]}}],"collection":[{"href":"https:\/\/vostables.com\/fr\/wp-json\/wp\/v2\/pages"}],"about":[{"href":"https:\/\/vostables.com\/fr\/wp-json\/wp\/v2\/types\/page"}],"author":[{"embeddable":true,"href":"https:\/\/vostables.com\/fr\/wp-json\/wp\/v2\/users\/1"}],"replies":[{"embeddable":true,"href":"https:\/\/vostables.com\/fr\/wp-json\/wp\/v2\/comments?post=6063"}],"version-history":[{"count":8,"href":"https:\/\/vostables.com\/fr\/wp-json\/wp\/v2\/pages\/6063\/revisions"}],"predecessor-version":[{"id":6122,"href":"https:\/\/vostables.com\/fr\/wp-json\/wp\/v2\/pages\/6063\/revisions\/6122"}],"wp:attachment":[{"href":"https:\/\/vostables.com\/fr\/wp-json\/wp\/v2\/media?parent=6063"}],"curies":[{"name":"wp","href":"https:\/\/api.w.org\/{rel}","templated":true}]}}