{"id":6175,"date":"2024-01-13T11:51:07","date_gmt":"2024-01-13T09:51:07","guid":{"rendered":"https:\/\/vostables.be\/info-fr\/transport\/"},"modified":"2025-12-11T17:43:31","modified_gmt":"2025-12-11T15:43:31","slug":"transport-3","status":"publish","type":"page","link":"https:\/\/vostables.com\/fr\/transport-3\/","title":{"rendered":"Transport"},"content":{"rendered":"<div class=\"wpb-content-wrapper\"><p>[vc_row][vc_column width=\u00a0\u00bb1\/3&Prime;][vc_custom_heading auto_text=\u00a0\u00bbyes\u00a0\u00bb heading_semantic=\u00a0\u00bbh1&Prime; text_size=\u00a0\u00bbh1&Prime; uncode_shortcode_id=\u00a0\u00bb121546&Prime;]Ceci est un \u00e9l\u00e9ment de titre personnalis\u00e9.[\/vc_custom_heading][vc_custom_heading uncode_shortcode_id=\u00a0\u00bb230383&Prime;]Comment fonctionne le transport ?[\/vc_custom_heading][vc_column_text uncode_shortcode_id=\u00a0\u00bb987366&Prime;]Nous livrons nos tables de soudure dans toute la Belgique, les Pays-Bas, la France, l&rsquo;Allemagne, l&rsquo;Europe.<\/p>\n<p>Vous n&rsquo;avez pas de chariot \u00e9l\u00e9vateur sur site pour d\u00e9charger la table de soudure ?<\/p>\n<p>Aucun probl\u00e8me ! Contactez-nous et nous discuterons volontiers des possibilit\u00e9s.<\/p>\n<p>Nous vous contactons \u00e0 l&rsquo;avance pour vous communiquer le jour de la livraison.[\/vc_column_text][\/vc_column][vc_column width=\u00a0\u00bb2\/3&Prime;][vc_single_image media=\u00a0\u00bb3811&Prime; media_width_percent=\u00a0\u00bb100&Prime; uncode_shortcode_id=\u00a0\u00bb811938&Prime;][\/vc_column][\/vc_row]<\/p>\n<\/div>","protected":false},"excerpt":{"rendered":"<p>[vc_row][vc_column width=\u00a0\u00bb1\/3&Prime;][vc_custom_heading auto_text=\u00a0\u00bbyes\u00a0\u00bb heading_semantic=\u00a0\u00bbh1&Prime; text_size=\u00a0\u00bbh1&Prime; uncode_shortcode_id=\u00a0\u00bb121546&Prime;]Ceci est un \u00e9l\u00e9ment de titre personnalis\u00e9.[\/vc_custom_heading][vc_custom_heading uncode_shortcode_id=\u00a0\u00bb230383&Prime;]Comment fonctionne le transport ?[\/vc_custom_heading][vc_column_text uncode_shortcode_id=\u00a0\u00bb987366&Prime;]Nous livrons nos [&hellip;]<\/p>\n","protected":false},"author":1,"featured_media":3772,"parent":0,"menu_order":0,"comment_status":"closed","ping_status":"closed","template":"","meta":{"_acf_changed":false,"footnotes":""},"class_list":["post-6175","page","type-page","status-publish","has-post-thumbnail","hentry"],"acf":[],"_links":{"self":[{"href":"https:\/\/vostables.com\/fr\/wp-json\/wp\/v2\/pages\/6175","targetHints":{"allow":["GET"]}}],"collection":[{"href":"https:\/\/vostables.com\/fr\/wp-json\/wp\/v2\/pages"}],"about":[{"href":"https:\/\/vostables.com\/fr\/wp-json\/wp\/v2\/types\/page"}],"author":[{"embeddable":true,"href":"https:\/\/vostables.com\/fr\/wp-json\/wp\/v2\/users\/1"}],"replies":[{"embeddable":true,"href":"https:\/\/vostables.com\/fr\/wp-json\/wp\/v2\/comments?post=6175"}],"version-history":[{"count":7,"href":"https:\/\/vostables.com\/fr\/wp-json\/wp\/v2\/pages\/6175\/revisions"}],"predecessor-version":[{"id":6905,"href":"https:\/\/vostables.com\/fr\/wp-json\/wp\/v2\/pages\/6175\/revisions\/6905"}],"wp:featuredmedia":[{"embeddable":true,"href":"https:\/\/vostables.com\/fr\/wp-json\/wp\/v2\/media\/3772"}],"wp:attachment":[{"href":"https:\/\/vostables.com\/fr\/wp-json\/wp\/v2\/media?parent=6175"}],"curies":[{"name":"wp","href":"https:\/\/api.w.org\/{rel}","templated":true}]}}